{"id":43,"date":"2024-12-26T16:39:55","date_gmt":"2024-12-26T15:39:55","guid":{"rendered":"https:\/\/joiohappyboat.fr\/index.php\/front_page\/"},"modified":"2026-02-11T15:46:03","modified_gmt":"2026-02-11T14:46:03","slug":"joio-happy-boat","status":"publish","type":"page","link":"https:\/\/joiohappyboat.fr\/","title":{"rendered":"Accueil"},"content":{"rendered":"\n\n\n\n\n\n\n\n\n\n\n\n\n\n\n\n","protected":false},"excerpt":{"rendered":"","protected":false},"author":1,"featured_media":0,"parent":0,"menu_order":0,"comment_status":"closed","ping_status":"closed","template":"","meta":{"saved_in_kubio":true,"inline_featured_image":false,"footnotes":""},"class_list":["post-43","page","type-page","status-publish","hentry"],"kubio_ai_page_context":{"short_desc":"","purpose":"general"},"yoast_head":"<!-- This site is optimized with the Yoast SEO plugin v25.4 - https:\/\/yoast.com\/wordpress\/plugins\/seo\/ -->\n<title>JOIO HAPPY BOAT- Balade en bateau \u00e0 25 min de Paris depuis Conflans (78)<\/title>\n<meta name=\"description\" content=\"Croisi\u00e8re sur la seine \u00e0 25 min. de Paris, embarquez \u00e0 bord du Joio Happy Boat pour une journ\u00e9e inoubliable depuis Conflans (78).\" \/>\n<meta name=\"robots\" content=\"index, follow, max-snippet:-1, max-image-preview:large, max-video-preview:-1\" \/>\n<link rel=\"canonical\" href=\"https:\/\/joiohappyboat.fr\/\" \/>\n<meta property=\"og:locale\" content=\"fr_FR\" \/>\n<meta property=\"og:type\" content=\"article\" \/>\n<meta property=\"og:title\" content=\"JOIO HAPPY BOAT- Balade en bateau \u00e0 25 min de Paris depuis Conflans (78)\" \/>\n<meta property=\"og:description\" content=\"Croisi\u00e8re sur la seine \u00e0 25 min. de Paris, embarquez \u00e0 bord du Joio Happy Boat pour une journ\u00e9e inoubliable depuis Conflans (78).\" \/>\n<meta property=\"og:url\" content=\"https:\/\/joiohappyboat.fr\/\" \/>\n<meta property=\"og:site_name\" content=\"JOIO HAPPY BOAT\" \/>\n<meta property=\"article:modified_time\" content=\"2026-02-11T14:46:03+00:00\" \/>\n<meta name=\"twitter:card\" content=\"summary_large_image\" \/>\n<script type=\"application\/ld+json\" class=\"yoast-schema-graph\">{\"@context\":\"https:\/\/schema.org\",\"@graph\":[{\"@type\":\"WebPage\",\"@id\":\"https:\/\/joiohappyboat.fr\/\",\"url\":\"https:\/\/joiohappyboat.fr\/\",\"name\":\"JOIO HAPPY BOAT- Balade en bateau \u00e0 25 min de Paris depuis Conflans (78)\",\"isPartOf\":{\"@id\":\"https:\/\/joiohappyboat.fr\/#website\"},\"datePublished\":\"2024-12-26T15:39:55+00:00\",\"dateModified\":\"2026-02-11T14:46:03+00:00\",\"description\":\"Croisi\u00e8re sur la seine \u00e0 25 min. de Paris, embarquez \u00e0 bord du Joio Happy Boat pour une journ\u00e9e inoubliable depuis Conflans (78).\",\"breadcrumb\":{\"@id\":\"https:\/\/joiohappyboat.fr\/#breadcrumb\"},\"inLanguage\":\"fr-FR\",\"potentialAction\":[{\"@type\":\"ReadAction\",\"target\":[\"https:\/\/joiohappyboat.fr\/\"]}]},{\"@type\":\"BreadcrumbList\",\"@id\":\"https:\/\/joiohappyboat.fr\/#breadcrumb\",\"itemListElement\":[{\"@type\":\"ListItem\",\"position\":1,\"name\":\"Accueil\",\"item\":\"https:\/\/joiohappyboat.fr\/\"},{\"@type\":\"ListItem\",\"position\":2,\"name\":\"Accueil\"}]},{\"@type\":\"WebSite\",\"@id\":\"https:\/\/joiohappyboat.fr\/#website\",\"url\":\"https:\/\/joiohappyboat.fr\/\",\"name\":\"JOIO HAPPY BOAT\",\"description\":\"BALLADES SUR LA SEINE ET L&#039;OISE EN BATEAU\",\"publisher\":{\"@id\":\"https:\/\/joiohappyboat.fr\/#organization\"},\"potentialAction\":[{\"@type\":\"SearchAction\",\"target\":{\"@type\":\"EntryPoint\",\"urlTemplate\":\"https:\/\/joiohappyboat.fr\/?s={search_term_string}\"},\"query-input\":{\"@type\":\"PropertyValueSpecification\",\"valueRequired\":true,\"valueName\":\"search_term_string\"}}],\"inLanguage\":\"fr-FR\"},{\"@type\":\"Organization\",\"@id\":\"https:\/\/joiohappyboat.fr\/#organization\",\"name\":\"JOIO HAPPY BOAT\",\"url\":\"https:\/\/joiohappyboat.fr\/\",\"logo\":{\"@type\":\"ImageObject\",\"inLanguage\":\"fr-FR\",\"@id\":\"https:\/\/joiohappyboat.fr\/#\/schema\/logo\/image\/\",\"url\":\"https:\/\/joiohappyboat.fr\/wp-content\/uploads\/2024\/12\/Fichier-8LogoJoioWhite.svg\",\"contentUrl\":\"https:\/\/joiohappyboat.fr\/wp-content\/uploads\/2024\/12\/Fichier-8LogoJoioWhite.svg\",\"width\":346,\"height\":227,\"caption\":\"JOIO HAPPY BOAT\"},\"image\":{\"@id\":\"https:\/\/joiohappyboat.fr\/#\/schema\/logo\/image\/\"}}]}<\/script>\n<!-- \/ Yoast SEO plugin. -->","yoast_head_json":{"title":"JOIO HAPPY BOAT- Balade en bateau \u00e0 25 min de Paris depuis Conflans (78)","description":"Croisi\u00e8re sur la seine \u00e0 25 min. de Paris, embarquez \u00e0 bord du Joio Happy Boat pour une journ\u00e9e inoubliable depuis Conflans (78).","robots":{"index":"index","follow":"follow","max-snippet":"max-snippet:-1","max-image-preview":"max-image-preview:large","max-video-preview":"max-video-preview:-1"},"canonical":"https:\/\/joiohappyboat.fr\/","og_locale":"fr_FR","og_type":"article","og_title":"JOIO HAPPY BOAT- Balade en bateau \u00e0 25 min de Paris depuis Conflans (78)","og_description":"Croisi\u00e8re sur la seine \u00e0 25 min. de Paris, embarquez \u00e0 bord du Joio Happy Boat pour une journ\u00e9e inoubliable depuis Conflans (78).","og_url":"https:\/\/joiohappyboat.fr\/","og_site_name":"JOIO HAPPY BOAT","article_modified_time":"2026-02-11T14:46:03+00:00","twitter_card":"summary_large_image","schema":{"@context":"https:\/\/schema.org","@graph":[{"@type":"WebPage","@id":"https:\/\/joiohappyboat.fr\/","url":"https:\/\/joiohappyboat.fr\/","name":"JOIO HAPPY BOAT- Balade en bateau \u00e0 25 min de Paris depuis Conflans (78)","isPartOf":{"@id":"https:\/\/joiohappyboat.fr\/#website"},"datePublished":"2024-12-26T15:39:55+00:00","dateModified":"2026-02-11T14:46:03+00:00","description":"Croisi\u00e8re sur la seine \u00e0 25 min. de Paris, embarquez \u00e0 bord du Joio Happy Boat pour une journ\u00e9e inoubliable depuis Conflans (78).","breadcrumb":{"@id":"https:\/\/joiohappyboat.fr\/#breadcrumb"},"inLanguage":"fr-FR","potentialAction":[{"@type":"ReadAction","target":["https:\/\/joiohappyboat.fr\/"]}]},{"@type":"BreadcrumbList","@id":"https:\/\/joiohappyboat.fr\/#breadcrumb","itemListElement":[{"@type":"ListItem","position":1,"name":"Accueil","item":"https:\/\/joiohappyboat.fr\/"},{"@type":"ListItem","position":2,"name":"Accueil"}]},{"@type":"WebSite","@id":"https:\/\/joiohappyboat.fr\/#website","url":"https:\/\/joiohappyboat.fr\/","name":"JOIO HAPPY BOAT","description":"BALLADES SUR LA SEINE ET L&#039;OISE EN BATEAU","publisher":{"@id":"https:\/\/joiohappyboat.fr\/#organization"},"potentialAction":[{"@type":"SearchAction","target":{"@type":"EntryPoint","urlTemplate":"https:\/\/joiohappyboat.fr\/?s={search_term_string}"},"query-input":{"@type":"PropertyValueSpecification","valueRequired":true,"valueName":"search_term_string"}}],"inLanguage":"fr-FR"},{"@type":"Organization","@id":"https:\/\/joiohappyboat.fr\/#organization","name":"JOIO HAPPY BOAT","url":"https:\/\/joiohappyboat.fr\/","logo":{"@type":"ImageObject","inLanguage":"fr-FR","@id":"https:\/\/joiohappyboat.fr\/#\/schema\/logo\/image\/","url":"https:\/\/joiohappyboat.fr\/wp-content\/uploads\/2024\/12\/Fichier-8LogoJoioWhite.svg","contentUrl":"https:\/\/joiohappyboat.fr\/wp-content\/uploads\/2024\/12\/Fichier-8LogoJoioWhite.svg","width":346,"height":227,"caption":"JOIO HAPPY BOAT"},"image":{"@id":"https:\/\/joiohappyboat.fr\/#\/schema\/logo\/image\/"}}]}},"_links":{"self":[{"href":"https:\/\/joiohappyboat.fr\/index.php\/wp-json\/wp\/v2\/pages\/43","targetHints":{"allow":["GET"]}}],"collection":[{"href":"https:\/\/joiohappyboat.fr\/index.php\/wp-json\/wp\/v2\/pages"}],"about":[{"href":"https:\/\/joiohappyboat.fr\/index.php\/wp-json\/wp\/v2\/types\/page"}],"author":[{"embeddable":true,"href":"https:\/\/joiohappyboat.fr\/index.php\/wp-json\/wp\/v2\/users\/1"}],"replies":[{"embeddable":true,"href":"https:\/\/joiohappyboat.fr\/index.php\/wp-json\/wp\/v2\/comments?post=43"}],"version-history":[{"count":124,"href":"https:\/\/joiohappyboat.fr\/index.php\/wp-json\/wp\/v2\/pages\/43\/revisions"}],"predecessor-version":[{"id":635,"href":"https:\/\/joiohappyboat.fr\/index.php\/wp-json\/wp\/v2\/pages\/43\/revisions\/635"}],"wp:attachment":[{"href":"https:\/\/joiohappyboat.fr\/index.php\/wp-json\/wp\/v2\/media?parent=43"}],"curies":[{"name":"wp","href":"https:\/\/api.w.org\/{rel}","templated":true}]}}